{"id":18747,"date":"2023-07-15T14:31:21","date_gmt":"2023-07-15T17:31:21","guid":{"rendered":"https:\/\/saletto.com.br\/edu\/?page_id=18747"},"modified":"2023-08-26T19:11:55","modified_gmt":"2023-08-26T22:11:55","slug":"cursos-gratuitos","status":"publish","type":"page","link":"https:\/\/saletto.com.br\/edu\/cursos\/cursos-gratuitos\/","title":{"rendered":"Cursos Gratuitos"},"content":{"rendered":"<p>[vc_row css_animation=&#8221;&#8221; row_type=&#8221;row&#8221; use_row_as_full_screen_section=&#8221;no&#8221; type=&#8221;full_width&#8221; angled_section=&#8221;no&#8221; text_align=&#8221;left&#8221; background_image_as_pattern=&#8221;without_pattern&#8221;][vc_column][vc_column_text]<\/p>\r\n<p><strong>Citius* Altius * Fortius | Nosso programa de treinamentos gratuitos de Alta Performance<\/strong><\/p>\r\n<p>Trata-se da grade de Cursos <strong>Gratuitos<\/strong> e de Alta Performance para <strong>Iniciantes<\/strong> e aqueles Profissionais que desejam rever <strong>Conceitos<\/strong>. Tomamos emprestado o lema ol\u00edmpico, que significa o mais alto, o mais forte e o mais veloz, para criar uma s\u00e9rie de cursos GRATUITOS e de alta performance com aplica\u00e7\u00e3o em <strong>Engenharia &amp; Constru\u00e7\u00e3o<\/strong>.<\/p>\r\n<p style=\"text-align: center;\"><img loading=\"lazy\" decoding=\"async\" class=\"size-full wp-image-18847 aligncenter\" src=\"https:\/\/saletto.com.br\/edu\/wp-content\/uploads\/2023\/08\/Design-sem-nome-1.png\" alt=\"\" width=\"300\" height=\"168\" \/>Para saber mais sobre o <em>Lema Ol\u00edmpico<\/em>: <a href=\"https:\/\/www.cob.org.br\/pt\/cob\/movimento-olimpico\/simbolos-olimpicos\" target=\"_blank\" rel=\"noopener\">clique aqui<\/a>.<\/p>\r\n<p class=\"_04xlpA direction-ltr align-end para-style-title\"><strong><span class=\"WdYUQQ text-decoration-none text-strikethrough-none\">Como nasceu o Programa de Treinamento de Alta Performance na Engenharia <\/span><span class=\"WdYUQQ text-decoration-none text-strikethrough-none\">citius*altius*fortius?<\/span><\/strong><\/p>\r\n<p>Ap\u00f3s anos de experi\u00eancia in company, turmas abertas, turmas de MBA e P\u00f3s, cursos de cunho social, a SalettoEDU percebeu a necessidade de criar um Programa de Cursos Gratuitos, compartilhando conhecimento e experi\u00eancia, levando a Engenhosidade a outro n\u00edvel.<\/p>\r\n<p class=\"_04xlpA direction-ltr align-end para-style-title\"><span class=\"WdYUQQ text-decoration-none text-strikethrough-none\">&#8220;Desde 2005 tenho treinado e\u00a0<\/span><span class=\"WdYUQQ text-decoration-none text-strikethrough-none\">capacitado excelentes profissionais da Engenharia, com este programa vamos potencializar essa abordagem!&#8221;\u00a0<\/span><span class=\"WdYUQQ text-decoration-none text-strikethrough-none\">&#8211; <a href=\"https:\/\/www.linkedin.com\/in\/italocoutinho\/\">Prof. \u00cdtalo Coutinho<\/a> .<\/span><\/p>\r\n<p>&nbsp;<\/p>\r\n<p><strong>Os cursos ser\u00e3o oferecidos em tr\u00eas categorias:<\/strong><\/p>\r\n<p>CITIUS: t<span class=\"WdYUQQ text-decoration-none text-strikethrough-none\">reinamentos de alta performance\u00a0<\/span><span class=\"WdYUQQ text-decoration-none text-strikethrough-none\">em temas voltados para per\u00edcia, assist\u00eancia de Per\u00edcia, inspe\u00e7\u00f5es, avalia\u00e7\u00f5es, vistorias;<\/span><\/p>\r\n<p>ALTIUS: capacita\u00e7\u00e3o<span class=\"WdYUQQ\">\u00a0em temas t\u00e9cnicos com foco no uso de ferramentas e tecnologias emergentes na engenharia.<\/span><\/p>\r\n<p>FORTIUS: <span class=\"WdYUQQ text-decoration-none text-strikethrough-none\">cursos de gest\u00e3o, planejamento e controle, essenciais para administra\u00e7\u00e3o de processos, tarefas e projetos de engenharia;<\/span><\/p>\r\n<p>&nbsp;<\/p>\r\n<p><strong>Sobre o Sympla Play<\/strong><\/p>\r\n<p>Escolhemos uma plataforma educacional de f\u00e1cil uso e robusta. O Sympla Play \u00e9 simples, pr\u00e1tico. Ele \u00e9 uma solu\u00e7\u00e3o para produtores de conte\u00fado que desejam entregar experi\u00eancias online incr\u00edveis para os seus clientes, como cursos e aulas.<\/p>\r\n<p><img loading=\"lazy\" decoding=\"async\" class=\"size-full wp-image-18845 aligncenter\" src=\"https:\/\/saletto.com.br\/edu\/wp-content\/uploads\/2023\/08\/Design-sem-nome.png\" alt=\"\" width=\"300\" height=\"168\" \/><\/p>\r\n<p><strong>Como funciona o Programa <span class=\"WdYUQQ text-decoration-none text-strikethrough-none\">de Treinamento de Alta Performance na Engenharia <\/span><span class=\"WdYUQQ text-decoration-none text-strikethrough-none\">citius*altius*fortius?<\/span><\/strong><\/p>\r\n<p><span class=\"WdYUQQ text-decoration-none text-strikethrough-none\">Cada participante deve escolher o curso de sua prefer\u00eancia na nossa <a href=\"https:\/\/saletto.com.br\/edu#cursosgratuitos\">p\u00e1gina principal<\/a> ou diretamente no <a href=\"http:\/\/www.sympla.com.br\/saletto\">Sympla<\/a>. As aulas cont\u00e9m v\u00eddeos, apostilas, exerc\u00edcios e templates. Al\u00e9m disso, os alunos receber\u00e3o certificados, sala virtual para tirar d\u00favidas e networking para troca de conhecimento e experi\u00eancia.<\/span><\/p>\r\n<p>&nbsp;<\/p>\r\n<p><strong>Valida\u00e7\u00e3o do Certificado<\/strong><\/p>\r\n<p class=\"_04xlpA direction-ltr align-center para-style-heading3\"><span class=\"WdYUQQ text-decoration-none text-strikethrough-none\">Somente \u00e9 v\u00e1lido com assinatura pelo participante por certificado <\/span><span class=\"WdYUQQ text-decoration-none text-strikethrough-none\">digital, sugerimos <a href=\"https:\/\/www.gov.br\/governodigital\/pt-br\/assinatura-eletronica\" target=\"_blank\" rel=\"noopener\">GOV.BR<\/a>.\u00a0<\/span><\/p>\r\n<p class=\"_04xlpA direction-ltr align-center para-style-heading3\"><span class=\"WdYUQQ text-decoration-none text-strikethrough-none\">P<\/span><span class=\"WdYUQQ text-decoration-none text-strikethrough-none\">ara validar o certificado, caso seja necess\u00e1rio,\u00a0<\/span><span class=\"WdYUQQ text-decoration-none text-strikethrough-none\">envie o nome do participante e nome do curso<\/span><\/p>\r\n<p class=\"_04xlpA direction-ltr align-center para-style-heading3\"><span class=\"WdYUQQ text-decoration-none text-strikethrough-none\">para <a href=\"mailto:hello@saletto.com.br\">hello@salettoEDU<\/a>.com ou solicite atendimento pelo ChatBot <a href=\"https:\/\/wa.me\/+553132670949\">(31) 3267-0949<\/a>.<\/span><\/p>\r\n<p><strong>EMISS\u00c3O DO CERTIFICADO<\/strong>: ap\u00f3s o aluno conseguir 70% de aproveitamento nos exerc\u00edcios propostos.<\/p>\r\n<p>&nbsp;<\/p>\r\n<p><strong>ACESSO AOS CURSOS GRAUITOS:<\/strong> <a href=\"http:\/\/www.sympla.com.br\/sympla\">clique aqui<\/a><\/p>\r\n<p>&nbsp;<\/p>\r\n<p>Voc\u00ea precisa saber mais? <a href=\"https:\/\/saletto.com.br\/edu\/orcamento\/\">Solicite-nos!<\/a><\/p>\r\n<p>[\/vc_column_text][\/vc_column][\/vc_row]<\/p>","protected":false},"excerpt":{"rendered":"<p>[vc_row css_animation=&#8221;&#8221; row_type=&#8221;row&#8221; use_row_as_full_screen_section=&#8221;no&#8221; type=&#8221;full_width&#8221; angled_section=&#8221;no&#8221; text_align=&#8221;left&#8221; background_image_as_pattern=&#8221;without_pattern&#8221;][vc_column][vc_column_text] Citius* Altius * Fortius | Nosso programa de treinamentos gratuitos de Alta Performance Trata-se da grade de Cursos Gratuitos e de Alta Performance para Iniciantes e aqueles Profissionais que desejam rever Conceitos. Tomamos emprestado o lema ol\u00edmpico,&#8230;<\/p>\n","protected":false},"author":356,"featured_media":0,"parent":16652,"menu_order":0,"comment_status":"closed","ping_status":"closed","template":"full_width.php","meta":{"footnotes":""},"_links":{"self":[{"href":"https:\/\/saletto.com.br\/edu\/wp-json\/wp\/v2\/pages\/18747"}],"collection":[{"href":"https:\/\/saletto.com.br\/edu\/wp-json\/wp\/v2\/pages"}],"about":[{"href":"https:\/\/saletto.com.br\/edu\/wp-json\/wp\/v2\/types\/page"}],"author":[{"embeddable":true,"href":"https:\/\/saletto.com.br\/edu\/wp-json\/wp\/v2\/users\/356"}],"replies":[{"embeddable":true,"href":"https:\/\/saletto.com.br\/edu\/wp-json\/wp\/v2\/comments?post=18747"}],"version-history":[{"count":5,"href":"https:\/\/saletto.com.br\/edu\/wp-json\/wp\/v2\/pages\/18747\/revisions"}],"predecessor-version":[{"id":18848,"href":"https:\/\/saletto.com.br\/edu\/wp-json\/wp\/v2\/pages\/18747\/revisions\/18848"}],"up":[{"embeddable":true,"href":"https:\/\/saletto.com.br\/edu\/wp-json\/wp\/v2\/pages\/16652"}],"wp:attachment":[{"href":"https:\/\/saletto.com.br\/edu\/wp-json\/wp\/v2\/media?parent=18747"}],"curies":[{"name":"wp","href":"https:\/\/api.w.org\/{rel}","templated":true}]}}