{"id":17496,"date":"2020-02-26T09:38:30","date_gmt":"2020-02-26T12:38:30","guid":{"rendered":"https:\/\/saletto.com.br\/edu\/?page_id=17496"},"modified":"2020-11-18T12:51:48","modified_gmt":"2020-11-18T15:51:48","slug":"disposicoes-gerais-comercial","status":"publish","type":"page","link":"https:\/\/saletto.com.br\/edu\/home-7\/disposicoes-gerais-comercial\/","title":{"rendered":"Condi\u00e7\u00f5es Gerais \/ou\/ Nossa Pol\u00edtica COMERCIAL"},"content":{"rendered":"<p><strong>1- Como funciona a Pol\u00edtica Comercial da SalettoEDU<\/strong><\/p>\n<p>Esta p\u00e1gina apresenta as Disposi\u00e7\u00f5es Gerais para os cursos e a\u00e7\u00f5es de treinamento da SalettoEDU.<\/p>\n<p>Tratam-se das condi\u00e7\u00f5es gerais para fornecimento dos nossos servi\u00e7os educacionais.<\/p>\n<p><strong>2.1 &#8211; Pol\u00edtica de Privacidade<\/strong><\/p>\n<p>Aceitando essas Disposi\u00e7\u00f5es Gerais, tamb\u00e9m est\u00e1 de acordo com nossa <a href=\"https:\/\/saletto.com.br\/edu\/politica-de-privacidade\/\">Pol\u00edtica de Privacidade<\/a>.<\/p>\n<p><strong>2.2 &#8211; Politica de Cursos, Cancelamento, Reembolso e Troca.<\/strong><\/p>\n<p>Aceitando essas Disposi\u00e7\u00f5es Gerais, tamb\u00e9m est\u00e1 de acordo com nossa <a href=\"https:\/\/saletto.com.br\/edu\/politica-de-cursos-cancelamento-reembolso-e-troca\/\">Politica de Cursos, Cancelamento, Reembolso e Troca<\/a>.<\/p>\n<p><strong>2.3 &#8211; Antipirataria<\/strong><\/p>\n<p>Somos contra qualquer tipo de a\u00e7\u00e3o que se enquadre como pl\u00e1gio ou uso de material que n\u00e3o seja de nossa propriedade, saiba mais em <a href=\"https:\/\/saletto.com.br\/edu\/antipirataria\/\">Antipirataria<\/a>.<\/p>\n<p><strong>2.4 &#8211; Den\u00fancia ou Reclama\u00e7\u00e3o<\/strong><\/p>\n<p>Apenas atendemos por este <a href=\"https:\/\/saletto.com.br\/edu\/contato\/\">canal de contato<\/a>.<\/p>\n<p><strong>2.5 &#8211; Condi\u00e7\u00f5es de Pagamento e Pre\u00e7os<\/strong><\/p>\n<p>As condi\u00e7\u00f5es de pagamento e valores sempre ser\u00e3o acertados previamente \u00e0 realiza\u00e7\u00e3o do curso ou a\u00e7\u00e3o de treinamento.<\/p>\n<p><strong>2.6 &#8211; Validade<\/strong><\/p>\n<p>Toda proposta nossa tem validade de no m\u00e1ximo 30 dias.<\/p>\n<p><strong>2.7- Encargos Morat\u00f3rios<\/strong><\/p>\n<p>O pagamento de parcelas em atraso ser\u00e1 acrescido de multa morat\u00f3ria de 2% (dois por cento) devida a partir do dia seguinte ao vencimento, e cobrada em uma \u00fanica vez, e juros de mora de 1% (um por cento) ao m\u00eas, sobre o valor da fatura em atraso, calculado desde o dia seguinte ao do vencimento at\u00e9 a data do efetivo pagamento. Atrasos superiores a 15 (quinze) dias acarretar\u00e3o a descontinuidade do trabalho.<\/p>\n<p><strong>2.8- Condi\u00e7\u00f5es Gerais<\/strong><\/p>\n<p>Quaisquer altera\u00e7\u00f5es solicitadas pelo cliente, ap\u00f3s aprova\u00e7\u00e3o desta proposta, dever\u00e3o ser formalizadas, para que seja avaliada a necessidade ou n\u00e3o, de revis\u00e3o desta proposta.<\/p>\n<p>Quaisquer altera\u00e7\u00f5es realizadas pelo cliente, ap\u00f3s entrega dos servi\u00e7os, escopo desta proposta, dever\u00e3o ser formalizadas, para que sejam avaliados os riscos decorrentes de qualquer mudan\u00e7a.<\/p>\n<p><strong>2.9- Rescis\u00e3o Contratual<\/strong><\/p>\n<p>Sendo aceita a proposta pela CONTRATANTE e tendo sido assinado o Contrato de Presta\u00e7\u00e3o de Servi\u00e7o, tanto a SALETTO quanto a SOLICITANTE, poder\u00e3o rescindir contrato, obrigando-se apenas a comunicar a outra, por meio escrito, com anteced\u00eancia m\u00ednima de 30 dias.<\/p>\n<p>No momento da rescis\u00e3o avaliam-se os custos incorridos para medi\u00e7\u00e3o, faturamento e pagamento, bem como a an\u00e1lise dos servi\u00e7os prestados em atividades de Gest\u00e3o de Pleitos (com o intuito de apontar futuras bonifica\u00e7\u00f5es).<\/p>\n<p><strong>2.10- Desempenho ou Performance<\/strong><\/p>\n<p>A SalettoEDU apresenta no mercado as melhores pr\u00e1ticas de consultoria, consagradas por normas e procedimentos de engenharia. Os trabalhos de consultoria da SalettoEDU se resumem a apoiar a SOLICITANTE na elabora\u00e7\u00e3o, an\u00e1lise e apresenta\u00e7\u00e3o das solu\u00e7\u00f5es propostas, n\u00e3o cabendo a SALETTO nenhum \u00f4nus decorrente dos resultados advindos das respostas e contrapartidas das decis\u00f5es da SOLICITANTE.<\/p>\n<p>OU SEJA, n\u00e3o haver\u00e1 para a SALETTO qualquer \u00f4nus associado a resultados (de sucesso ou insucesso) das decis\u00f5es tomadas pela SOLICITANTE.<\/p>\n<p><strong>2.11- Confidencialidade das Informa\u00e7\u00f5es <\/strong><\/p>\n<p>As informa\u00e7\u00f5es contidas neste documento s\u00e3o confidenciais e de propriedade intelectual da empresa SalettoEDU DE SERVI\u00c7OS. \u00c9 vedado o uso, a c\u00f3pia (fotoc\u00f3pia ou magn\u00e9tico) e a transmiss\u00e3o dessas informa\u00e7\u00f5es para terceiros. A divulga\u00e7\u00e3o dessas informa\u00e7\u00f5es \u00e9 restrita aos profissionais da SOLICITANTE respons\u00e1veis pela aprova\u00e7\u00e3o e avalia\u00e7\u00e3o desta proposta, uma vez que as informa\u00e7\u00f5es contidas s\u00e3o oriundas da experi\u00eancia, metodologia e conhecimento da SalettoEDU DE SERVI\u00c7OS.<\/p>\n<p><strong>2.12- Direitos Autorais e Propriedade Intelectual<\/strong><br \/>\nOs trabalhos executados pela SALETTO ser\u00e3o de exclusiva propriedade da SOLICITANTE, sendo vedada qualquer forma e tipo de divulga\u00e7\u00e3o desses trabalhos pela SALETTO.<br \/>\nTodos os direitos de propriedade intelectual decorrentes dos trabalhos executados (\u201cproduto\u201d) pela SALETTO, sob encomenda da SOLICITANTE, incluindo estudos, an\u00e1lises, relat\u00f3rios, desenhos, acompanhamento em negocia\u00e7\u00f5es, etc. ser\u00e3o exclusivamente da SOLICITANTE. \u00c9 expressamente vedado a SALETTO copiar, reproduzir, comercializar ou utilizar sob qualquer forma os trabalhos executados por meio deste contrato.<\/p>\n<p><strong>2.13- Reajustamento de Pre\u00e7os<\/strong><\/p>\n<p>Tendo como data-base a data de aceite desta proposta, os pre\u00e7os apresentados ter\u00e3o reajuste 12 meses ap\u00f3s a data-base, tendo como \u00edndice de reajustamento de pre\u00e7os o IGPM acumulado anual. IGP-M (\u00cdndice Geral de Pre\u00e7os do Mercado) \u00e9 o indicador de movimento dos pre\u00e7os calculado mensalmente pela FGV (Funda\u00e7\u00e3o Get\u00falio Vargas) e divulgado no final de cada m\u00eas de refer\u00eancia.<\/p>\n<p><strong>2.14- Atestado de Capacidade T\u00e9cnica<\/strong><\/p>\n<p>Ao final dos trabalhos executados pela SALETTO, ser\u00e1 aplicado um question\u00e1rio de avalia\u00e7\u00e3o de satisfa\u00e7\u00e3o e qualidade dos servi\u00e7os prestados. Solicitamos a CONTRATANTE a emiss\u00e3o de um atestado de capacidade t\u00e9cnica, nos termos desta proposta.<\/p>\n<p><strong>2.15- Subordina\u00e7\u00e3o Direta<\/strong><\/p>\n<p>A SalettoEDU estar\u00e1 sempre resguardada e subordinada \u00e0 Legisla\u00e7\u00e3o Brasileira, normas vigentes \u00e0 \u00e9poca e boas pr\u00e1ticas de gest\u00e3o e da Engenharia, n\u00e3o se encontrando assim subordinada nesses casos \u00e0 CONTRATANTE.<\/p>\n<p>&nbsp;<\/p>\n","protected":false},"excerpt":{"rendered":"<p>1- Como funciona a Pol\u00edtica Comercial da SalettoEDU Esta p\u00e1gina apresenta as Disposi\u00e7\u00f5es Gerais para os cursos e a\u00e7\u00f5es de treinamento da SalettoEDU. Tratam-se das condi\u00e7\u00f5es gerais para fornecimento dos nossos servi\u00e7os educacionais. 2.1 &#8211; Pol\u00edtica de Privacidade Aceitando essas Disposi\u00e7\u00f5es Gerais, tamb\u00e9m est\u00e1 de&#8230;<\/p>\n","protected":false},"author":18,"featured_media":0,"parent":16186,"menu_order":0,"comment_status":"closed","ping_status":"closed","template":"","meta":{"footnotes":""},"_links":{"self":[{"href":"https:\/\/saletto.com.br\/edu\/wp-json\/wp\/v2\/pages\/17496"}],"collection":[{"href":"https:\/\/saletto.com.br\/edu\/wp-json\/wp\/v2\/pages"}],"about":[{"href":"https:\/\/saletto.com.br\/edu\/wp-json\/wp\/v2\/types\/page"}],"author":[{"embeddable":true,"href":"https:\/\/saletto.com.br\/edu\/wp-json\/wp\/v2\/users\/18"}],"replies":[{"embeddable":true,"href":"https:\/\/saletto.com.br\/edu\/wp-json\/wp\/v2\/comments?post=17496"}],"version-history":[{"count":0,"href":"https:\/\/saletto.com.br\/edu\/wp-json\/wp\/v2\/pages\/17496\/revisions"}],"up":[{"embeddable":true,"href":"https:\/\/saletto.com.br\/edu\/wp-json\/wp\/v2\/pages\/16186"}],"wp:attachment":[{"href":"https:\/\/saletto.com.br\/edu\/wp-json\/wp\/v2\/media?parent=17496"}],"curies":[{"name":"wp","href":"https:\/\/api.w.org\/{rel}","templated":true}]}}