{"id":17063,"date":"2019-10-30T15:11:07","date_gmt":"2019-10-30T18:11:07","guid":{"rendered":"http:\/\/salettoedu.studiositebh.com.br\/?page_id=17063"},"modified":"2020-11-18T12:40:53","modified_gmt":"2020-11-18T15:40:53","slug":"conheca-nossas-instalacoes","status":"publish","type":"page","link":"https:\/\/saletto.com.br\/edu\/conheca-nossas-instalacoes\/","title":{"rendered":"Conhe\u00e7a nossas instala\u00e7\u00f5es"},"content":{"rendered":"<p>[vc_row css_animation=&#8221;&#8221; row_type=&#8221;row&#8221; use_row_as_full_screen_section=&#8221;no&#8221; type=&#8221;grid&#8221; angled_section=&#8221;no&#8221; text_align=&#8221;left&#8221; background_image_as_pattern=&#8221;without_pattern&#8221; css=&#8221;.vc_custom_1572459159375{padding-top: 40px !important;padding-bottom: 40px !important;}&#8221;][vc_column width=&#8221;1\/6&#8243;][\/vc_column][vc_column width=&#8221;2\/3&#8243;][vc_raw_html]JTNDaWZyYW1lJTIwc3JjJTNEJTIyaHR0cHMlM0ElMkYlMkZ3d3cuZ29vZ2xlLmNvbSUyRm1hcHMlMkZlbWJlZCUzRnBiJTNEJTIxNHYxNTcyNDU4OTY1MTI5JTIxNm04JTIxMW03JTIxMXNDQW9TTEVGR01WRnBjRTFVUTBad1dYbENNMVIzUVY5bE0xbGlhakl4YUhwNVNubGFSbXhwYkRCNFJESlFUMVpIJTIxMm0yJTIxMWQtMTkuOTQyNSUyMTJkLTQzLjk0ODg4ODMlMjEzZjMwMC42NTkwMDcyMzY5NTA4JTIxNGYtMjMuMDMwMjk0NTc3MTk2NTE0JTIxNWYwLjQwMDAwMDAwMDAwMDAwMDIlMjIlMjB3aWR0aCUzRCUyMjgwMCUyMiUyMGhlaWdodCUzRCUyMjQ1MCUyMiUyMGZyYW1lYm9yZGVyJTNEJTIyMCUyMiUyMHN0eWxlJTNEJTIyYm9yZGVyJTNBMCUzQiUyMiUyMGFsbG93ZnVsbHNjcmVlbiUzRCUyMiUyMiUzRSUzQyUyRmlmcmFtZSUzRQ==[\/vc_raw_html][\/vc_column][vc_column width=&#8221;1\/6&#8243;][\/vc_column][\/vc_row]<\/p>\n","protected":false},"excerpt":{"rendered":"<p>[vc_row css_animation=&#8221;&#8221; row_type=&#8221;row&#8221; use_row_as_full_screen_section=&#8221;no&#8221; type=&#8221;grid&#8221; angled_section=&#8221;no&#8221; text_align=&#8221;left&#8221; background_image_as_pattern=&#8221;without_pattern&#8221; css=&#8221;.vc_custom_1572459159375{padding-top: 40px !important;padding-bottom: 40px !important;}&#8221;][vc_column width=&#8221;1\/6&#8243;][\/vc_column][vc_column width=&#8221;2\/3&#8243;][vc_raw_html]JTNDaWZyYW1lJTIwc3JjJTNEJTIyaHR0cHMlM0ElMkYlMkZ3d3cuZ29vZ2xlLmNvbSUyRm1hcHMlMkZlbWJlZCUzRnBiJTNEJTIxNHYxNTcyNDU4OTY1MTI5JTIxNm04JTIxMW03JTIxMXNDQW9TTEVGR01WRnBjRTFVUTBad1dYbENNMVIzUVY5bE0xbGlhakl4YUhwNVNubGFSbXhwYkRCNFJESlFUMVpIJTIxMm0yJTIxMWQtMTkuOTQyNSUyMTJkLTQzLjk0ODg4ODMlMjEzZjMwMC42NTkwMDcyMzY5NTA4JTIxNGYtMjMuMDMwMjk0NTc3MTk2NTE0JTIxNWYwLjQwMDAwMDAwMDAwMDAwMDIlMjIlMjB3aWR0aCUzRCUyMjgwMCUyMiUyMGhlaWdodCUzRCUyMjQ1MCUyMiUyMGZyYW1lYm9yZGVyJTNEJTIyMCUyMiUyMHN0eWxlJTNEJTIyYm9yZGVyJTNBMCUzQiUyMiUyMGFsbG93ZnVsbHNjcmVlbiUzRCUyMiUyMiUzRSUzQyUyRmlmcmFtZSUzRQ==[\/vc_raw_html][\/vc_column][vc_column width=&#8221;1\/6&#8243;][\/vc_column][\/vc_row]<\/p>\n","protected":false},"author":18,"featured_media":0,"parent":0,"menu_order":0,"comment_status":"closed","ping_status":"closed","template":"full_width.php","meta":{"footnotes":""},"_links":{"self":[{"href":"https:\/\/saletto.com.br\/edu\/wp-json\/wp\/v2\/pages\/17063"}],"collection":[{"href":"https:\/\/saletto.com.br\/edu\/wp-json\/wp\/v2\/pages"}],"about":[{"href":"https:\/\/saletto.com.br\/edu\/wp-json\/wp\/v2\/types\/page"}],"author":[{"embeddable":true,"href":"https:\/\/saletto.com.br\/edu\/wp-json\/wp\/v2\/users\/18"}],"replies":[{"embeddable":true,"href":"https:\/\/saletto.com.br\/edu\/wp-json\/wp\/v2\/comments?post=17063"}],"version-history":[{"count":0,"href":"https:\/\/saletto.com.br\/edu\/wp-json\/wp\/v2\/pages\/17063\/revisions"}],"wp:attachment":[{"href":"https:\/\/saletto.com.br\/edu\/wp-json\/wp\/v2\/media?parent=17063"}],"curies":[{"name":"wp","href":"https:\/\/api.w.org\/{rel}","templated":true}]}}