{"id":17055,"date":"2019-10-29T21:11:19","date_gmt":"2019-10-30T00:11:19","guid":{"rendered":"http:\/\/salettoedu.studiositebh.com.br\/?page_id=17055"},"modified":"2021-02-14T16:25:38","modified_gmt":"2021-02-14T19:25:38","slug":"antipirataria","status":"publish","type":"page","link":"https:\/\/saletto.com.br\/edu\/antipirataria\/","title":{"rendered":"Antipirataria"},"content":{"rendered":"<h4><strong>POL\u00cdTICA ANTIPIRATARIA<\/strong><\/h4>\n<p>Todos os nosso servi\u00e7os educacionais seguem NOSSAS CONDI\u00c7\u00d5ES GERAIS, <a href=\"https:\/\/saletto.com.br\/edu\/home-7\/disposicoes-gerais-comercial\/\">clique aqui<\/a> para saber mais.<\/p>\n<p>Somos contra qualquer tipo de Pl\u00e1gio ou Pirataria de materiais, softwares, videos ou outra produ\u00e7\u00e3o intelectual de terceiros que n\u00e3o sejam permitidos utilizar como refer\u00eancia ou refor\u00e7o de conhecimento em nossos produtos educacionais.<\/p>\n<p>Caso encontre qualquer material, imagem, texto ou video que venham a ser de terceiros, denuncie imediatamente, de maneira an\u00f4nima, por meio do e-mail: hello@salettoEDU.com.<\/p>\n<p><strong>Leis as quais apoiamos e seguimos irrestritamente:<\/strong><\/p>\n<ul>\n<li>Lei do Direito Autoral \u2013\u00a0<a href=\"https:\/\/www.planalto.gov.br\/ccivil_03\/Leis\/L9610.htm\">Lei n\u00ba 9.610, de 1998-02-19<\/a>\u00a0\u2013 Altera, atualiza e consolida a legisla\u00e7\u00e3o sobre direitos autorais e d\u00e1 outras provid\u00eancias.<\/li>\n<li>Lei do Software \u2013\u00a0<a href=\"https:\/\/www.planalto.gov.br\/ccivil_03\/Leis\/L9609.htm\">Lei n\u00ba 9.609, de 1998-02-19<\/a>\u00a0\u2013 Disp\u00f5e sobre a prote\u00e7\u00e3o de propriedade intelectual de programa de computador, sua comercializa\u00e7\u00e3o no Pa\u00eds, e d\u00e1 outras provid\u00eancias.<\/li>\n<li>Lei \u201cAnti-Pirataria\u201d \u2013\u00a0<a href=\"http:\/\/www.planalto.gov.br\/CCIVIL\/LEIS\/2003\/L10.695.htm\">Lei n\u00ba 10.695 de 2007-07-01<\/a>\u00a0\u2013 Altera\u00e7\u00f5es ao c\u00f3digo penal relativas a viola\u00e7\u00e3o de direito autoral.<\/li>\n<li>Lei da Propriedade Industrial (patentes) \u2013\u00a0<a href=\"https:\/\/www.planalto.gov.br\/ccivil_03\/Leis\/L9279.htm\">Lei n\u00ba 9.279 de 1996-05-14<\/a>\u00a0\u2013 Regula direitos e obriga\u00e7\u00f5es relativos \u00e0 propriedade industrial.<\/li>\n<li>Pol\u00edtica de Inform\u00e1tica \u2013\u00a0<a href=\"https:\/\/www.planalto.gov.br\/ccivil_03\/Leis\/L7232.htm\">Lei n\u00ba 7.232 de 1984-10-29<\/a>\u00a0\u2013 Disp\u00f5e sobre a Pol\u00edtica Nacional de Inform\u00e1tica, e d\u00e1 outras provid\u00eancias.<\/li>\n<li><a href=\"http:\/\/www.mj.gov.br\/transparencia\/servicos\/legislacao.htm\">Transpar\u00eancia<\/a>\u00a0\u2013 P\u00e1gina do Minist\u00e9rio da Justi\u00e7a com v\u00e1rias leis a respeito de transpar\u00eancia no poder p\u00fablico.<\/li>\n<\/ul>\n<h4><strong>DIREITO DE ALTERA\u00c7\u00d5ES NESTA POL\u00cdTICA ANIPIRATARIA<\/strong><\/h4>\n<p>A SALETTOEDU reserva-se o direito de alterar, sem pr\u00e9vio aviso, esta Pol\u00edtica de Antipirataria.<\/p>\n<p>&nbsp;<\/p>\n<p>Qualquer tipo de sugest\u00e3o\/ opini\u00e3o\/ reclama\u00e7\u00e3o: utilize este canal, <a href=\"https:\/\/saletto.com.br\/edu\/contato\/\">clique aqui<\/a>.<\/p>\n","protected":false},"excerpt":{"rendered":"<p>POL\u00cdTICA ANTIPIRATARIA Todos os nosso servi\u00e7os educacionais seguem NOSSAS CONDI\u00c7\u00d5ES GERAIS, clique aqui para saber mais. Somos contra qualquer tipo de Pl\u00e1gio ou Pirataria de materiais, softwares, videos ou outra produ\u00e7\u00e3o intelectual de terceiros que n\u00e3o sejam permitidos utilizar como refer\u00eancia ou refor\u00e7o de conhecimento&#8230;<\/p>\n","protected":false},"author":18,"featured_media":0,"parent":0,"menu_order":0,"comment_status":"closed","ping_status":"closed","template":"","meta":{"footnotes":""},"_links":{"self":[{"href":"https:\/\/saletto.com.br\/edu\/wp-json\/wp\/v2\/pages\/17055"}],"collection":[{"href":"https:\/\/saletto.com.br\/edu\/wp-json\/wp\/v2\/pages"}],"about":[{"href":"https:\/\/saletto.com.br\/edu\/wp-json\/wp\/v2\/types\/page"}],"author":[{"embeddable":true,"href":"https:\/\/saletto.com.br\/edu\/wp-json\/wp\/v2\/users\/18"}],"replies":[{"embeddable":true,"href":"https:\/\/saletto.com.br\/edu\/wp-json\/wp\/v2\/comments?post=17055"}],"version-history":[{"count":0,"href":"https:\/\/saletto.com.br\/edu\/wp-json\/wp\/v2\/pages\/17055\/revisions"}],"wp:attachment":[{"href":"https:\/\/saletto.com.br\/edu\/wp-json\/wp\/v2\/media?parent=17055"}],"curies":[{"name":"wp","href":"https:\/\/api.w.org\/{rel}","templated":true}]}}