{"id":17050,"date":"2019-10-29T21:08:20","date_gmt":"2019-10-30T00:08:20","guid":{"rendered":"http:\/\/salettoedu.studiositebh.com.br\/?page_id=17050"},"modified":"2020-11-18T12:52:38","modified_gmt":"2020-11-18T15:52:38","slug":"politica-de-privacidade","status":"publish","type":"page","link":"https:\/\/saletto.com.br\/edu\/politica-de-privacidade\/","title":{"rendered":"Pol\u00edtica de Privacidade"},"content":{"rendered":"<h4><strong>PREMISSAS<\/strong><\/h4>\n<p>Todos os nosso servi\u00e7os educacionais seguem NOSSAS CONDI\u00c7\u00d5ES GERAIS, <a href=\"https:\/\/saletto.com.br\/edu\/home-7\/disposicoes-gerais-comercial\/\">clique aqui<\/a> para saber mais.<\/p>\n<p>Pelo presente instrumento, o Grupo\u00a0<a href=\"http:\/\/www.saletto.com.br\/\">Saletto Engenharia de Servi\u00e7os Ltda<\/a>., aqui denominado SALETTOEDU, divulga sua Pol\u00edtica de Privacidade, assumindo o compromisso de proteger a privacidade do Usu\u00e1rio.<\/p>\n<p>O Usu\u00e1rio pode navegar pelo portal da SALETTOEDU (www.salettoEDU.com) sem a necessidade de fornecer suas informa\u00e7\u00f5es pessoais, sendo que o acesso do Usu\u00e1rio ao portal da SALETTOEDU implica necessariamente na concord\u00e2ncia com as regras de uso de dados fixadas nesta Pol\u00edtica de Privacidade.<\/p>\n<p>Para os servi\u00e7os restritos poder\u00e1 haver requisi\u00e7\u00e3o de informa\u00e7\u00f5es, visando atender os servi\u00e7os solicitados. Nesta hip\u00f3tese, a Pol\u00edtica de Privacidade estipula como os dados do Usu\u00e1rio s\u00e3o armazenados e usados.<\/p>\n<h4><strong>CAPTURA, ARMAZENAMENTO E USO DE INFORMA\u00c7\u00d5ES PESSOAIS<\/strong><\/h4>\n<p>As informa\u00e7\u00f5es pessoais solicitadas nas \u00e1reas restritas do portal da SALETTOEDU poder\u00e3o ser usadas internamente para a implementa\u00e7\u00e3o de melhorias no portal ou nos servi\u00e7os oferecidos pela SALETTOEDU para os seus p\u00fablicos internos e externos, incluindo outras empresas do Grupo\u00a0<a href=\"http:\/\/www.saletto.com.br\/\">Saletto Engenharia de Servi\u00e7os Ltda<\/a>.<\/p>\n<p>As empresas parceiras, ou que prestam servi\u00e7os terceirizados para a SALETTOEDU, poder\u00e3o ter acesso exclusivo \u00e0s informa\u00e7\u00f5es necess\u00e1rias \u00e0 realiza\u00e7\u00e3o dos servi\u00e7os prestados, sendo vedada aos mesmos a utiliza\u00e7\u00e3o de tais informa\u00e7\u00f5es para quaisquer outras finalidades.<\/p>\n<p>A SALETTOEDU poder\u00e1 divulgar informa\u00e7\u00f5es pessoais armazenadas atrav\u00e9s do hist\u00f3rico de navega\u00e7\u00e3o do Usu\u00e1rio, sem aviso pr\u00e9vio, por for\u00e7a da lei ou de outras necessidades tais como (I) atender \u00e0s disposi\u00e7\u00f5es legais ou cumprir determina\u00e7\u00e3o judicial em processo promovido contra a SALETTOEDU ou seu portal; (II) proteger e defender os direitos ou ativos da SALETTOEDU e de seus Usu\u00e1rios; (III) agir em situa\u00e7\u00f5es que demandem a prote\u00e7\u00e3o e a seguran\u00e7a pessoal dos Usu\u00e1rios do portal da SALETTOEDU, do pr\u00f3prio portal ou do p\u00fablico.<\/p>\n<p>Exceto nos casos descritos supra, a SALETTOEDU n\u00e3o compartilhar\u00e1 as informa\u00e7\u00f5es dos Usu\u00e1rios de seu portal com terceiros sem a devida permiss\u00e3o dos mesmos.<\/p>\n<h4><strong>ENVIO DE E-MAILS<\/strong><\/h4>\n<p>A SALETTOEDU poder\u00e1, a seu exclusivo crit\u00e9rio e necessidade, realizar envio de e-mails peri\u00f3dicos informando sobre quest\u00f5es de servi\u00e7os t\u00e9cnicos relacionados (ex.: Internet, Redes, etc.) e servi\u00e7os solicitados ou n\u00e3o (ex.: avisos e informa\u00e7\u00f5es acad\u00eamicas). N\u00e3o ser\u00e1 poss\u00edvel optar por n\u00e3o receber essas correspond\u00eancias, por serem consideradas como essenciais ao servi\u00e7o e atividades oferecidas pela institui\u00e7\u00e3o. Quando do cadastro, o Usu\u00e1rio poder\u00e1 optar por receber e-mails de conte\u00fado institucional e comercial da SALETTOEDU e de seus parceiros.<\/p>\n<h4><strong>PROTE\u00c7\u00c3O DAS INFORMA\u00c7\u00d5ES PESSOAIS<\/strong><\/h4>\n<p>A SALETTOEDU protege as informa\u00e7\u00f5es dos Usu\u00e1rios contra perda, uso impr\u00f3prio, acesso ou divulga\u00e7\u00e3o n\u00e3o autorizada, altera\u00e7\u00e3o ou destrui\u00e7\u00e3o. Se o Usu\u00e1rio publicar informa\u00e7\u00f5es pessoais online que sejam acess\u00edveis ao p\u00fablico, poder\u00e1 receber, em resposta, mensagens n\u00e3o solicitadas de outras pessoas. Em \u00faltima an\u00e1lise, o Usu\u00e1rio \u00e9 o \u00fanico respons\u00e1vel pela manuten\u00e7\u00e3o da privacidade das suas senhas e\/ou quaisquer informa\u00e7\u00f5es sobre a sua conta, devendo ser cuidadoso e respons\u00e1vel sempre que estiver online.<\/p>\n<h4><strong>DIREITO DE ALTERA\u00c7\u00d5ES NESTA POL\u00cdTICA DE PRIVACIDADE<\/strong><\/h4>\n<p>A SALETTOEDU reserva-se o direito de alterar, sem pr\u00e9vio aviso, esta Pol\u00edtica de Privacidade.<\/p>\n<p>&nbsp;<\/p>\n<p>Qualquer tipo de sugest\u00e3o\/ opini\u00e3o\/ reclama\u00e7\u00e3o: utilize este canal, <a href=\"https:\/\/saletto.com.br\/edu\/contato\/\">clique aqui<\/a>.<\/p>\n","protected":false},"excerpt":{"rendered":"<p>PREMISSAS Todos os nosso servi\u00e7os educacionais seguem NOSSAS CONDI\u00c7\u00d5ES GERAIS, clique aqui para saber mais. Pelo presente instrumento, o Grupo\u00a0Saletto Engenharia de Servi\u00e7os Ltda., aqui denominado SALETTOEDU, divulga sua Pol\u00edtica de Privacidade, assumindo o compromisso de proteger a privacidade do Usu\u00e1rio. O Usu\u00e1rio pode navegar&#8230;<\/p>\n","protected":false},"author":18,"featured_media":0,"parent":0,"menu_order":0,"comment_status":"closed","ping_status":"closed","template":"","meta":{"footnotes":""},"_links":{"self":[{"href":"https:\/\/saletto.com.br\/edu\/wp-json\/wp\/v2\/pages\/17050"}],"collection":[{"href":"https:\/\/saletto.com.br\/edu\/wp-json\/wp\/v2\/pages"}],"about":[{"href":"https:\/\/saletto.com.br\/edu\/wp-json\/wp\/v2\/types\/page"}],"author":[{"embeddable":true,"href":"https:\/\/saletto.com.br\/edu\/wp-json\/wp\/v2\/users\/18"}],"replies":[{"embeddable":true,"href":"https:\/\/saletto.com.br\/edu\/wp-json\/wp\/v2\/comments?post=17050"}],"version-history":[{"count":0,"href":"https:\/\/saletto.com.br\/edu\/wp-json\/wp\/v2\/pages\/17050\/revisions"}],"wp:attachment":[{"href":"https:\/\/saletto.com.br\/edu\/wp-json\/wp\/v2\/media?parent=17050"}],"curies":[{"name":"wp","href":"https:\/\/api.w.org\/{rel}","templated":true}]}}