{"id":17044,"date":"2019-10-29T20:58:13","date_gmt":"2019-10-29T23:58:13","guid":{"rendered":"http:\/\/salettoedu.studiositebh.com.br\/?page_id=17044"},"modified":"2021-02-14T17:38:34","modified_gmt":"2021-02-14T20:38:34","slug":"quem-somos","status":"publish","type":"page","link":"https:\/\/saletto.com.br\/edu\/home-7\/quem-somos\/","title":{"rendered":"Quem Somos"},"content":{"rendered":"<p><strong>SOBRE N\u00d3S:<\/strong><br \/>\nAtuamos no segmento de EDUCA\u00c7\u00c3O desde 2015. A SalettoEDU possui grande experi\u00eancia nos setores de Engenharia, Planejamento, Gest\u00e3o de Projetos e Estrutura\u00e7\u00e3o de Setores de P&amp;D.\u00a0 Temos participa\u00e7\u00e3o ativa na capacita\u00e7\u00e3o profissional dos clientes, com forte \u00eanfase em projetos e a\u00e7\u00f5es de treinamento.<\/p>\n<p><strong>NOSSO NEG\u00d3CIO:<\/strong><br \/>\nPreparar os profissionais em Engenharia e Constru\u00e7\u00e3o para os desafios do mercado por meio de uma Educa\u00e7\u00e3o focada no Aprendizado Cont\u00ednuo.<\/p>\n<p><strong>MISS\u00c3O:<\/strong><br \/>\nContribuir para o desenvolvimento dos profissionais no \u00e2mbito de suas atribui\u00e7\u00f5es profissionais e pessoais, por meio do Conhecimento e da Experi\u00eancia.<\/p>\n<p><strong>VIS\u00c3O:<\/strong><br \/>\nTornar-se uma consultoria de Educa\u00e7\u00e3o Presencial e \u00e0 Dist\u00e2ncia reconhecidamente competente na \u00e1rea de Engenharia e Constru\u00e7\u00e3o.<\/p>\n<p><strong>NOSSO LEMA:<\/strong><br \/>\nConhecimento e Experi\u00eancia que geram Engenhosidade.<\/p>\n<p>&nbsp;<\/p>\n<p><strong>Algumas formas de capacita\u00e7\u00e3o:<\/strong><\/p>\n<p><em><a href=\"https:\/\/saletto.com.br\/edu\/turmas-abertas\">Turmas abertas<\/a>:<\/em> Realizamos periodicamente treinamentos com turmas abertas \u00e0 comunidade, por meios pr\u00f3prios ou com apoio de nossos parceiros educacionais.<\/p>\n<p><em><a href=\"https:\/\/saletto.com.br\/edu\/cursos\/in-company\/\">Turmas in company<\/a>:<\/em> s\u00e3o outra modalidade de treinamento que apresentamos e que tem trazido grandes resultados para o aperfei\u00e7oamento dos profissionais envolvidos.<\/p>\n<p><a href=\"https:\/\/saletto.com.br\/edu\/home-7\/quem-somos\/\"><em>Workshops, Palestras, Semin\u00e1rios<\/em><\/a>: estruturamos a melhor forma para que sua equipe possa ter acesso ao conhecimento necess\u00e1rio para desenvolver o seu neg\u00f3cio.<\/p>\n<p><span style=\"color: #ffffff;\">.<\/span><\/p>\n<p>CAT\u00c1LOGO DE CURSOS\/ A\u00c7\u00d5ES DE TREINAMENTO: <a href=\"https:\/\/saletto.com.br\/edu\/cursos\/\">consulte aqui<\/a> e avalie qual \u00e9 sua necessidade.<\/p>\n<p>&nbsp;<\/p>\n<ul>\n<li><strong>Veja Tamb\u00e9m:<\/strong> <strong><a href=\"https:\/\/saletto.com.br\/edu\/wp-content\/uploads\/2020\/04\/salettoEDU_abr2020_apresentacao.pdf\">Apresenta\u00e7\u00e3o da SalettoEDU<\/a><\/strong><\/li>\n<\/ul>\n<p>&nbsp;<\/p>\n<p><strong>NOSSAS POL\u00cdTICAS &amp; COMPROMISSOS:<\/strong><\/p>\n<ul>\n<li><a href=\"https:\/\/saletto.com.br\/edu\/home-7\/disposicoes-gerais-comercial\/\">Condi\u00e7\u00f5es Gerais \/ou\/ Nossa Pol\u00edtica Comercial<\/a><\/li>\n<li><a href=\"https:\/\/saletto.com.br\/edu\/politica-de-privacidade\/\">Pol\u00edtica de Privacidade<\/a><\/li>\n<li><a href=\"https:\/\/saletto.com.br\/edu\/politica-de-cursos-cancelamento-reembolso-e-troca\/\">Pol\u00edtica de Cursos, Cancelamento, Reembolso e Troca<\/a><\/li>\n<li><a href=\"https:\/\/saletto.com.br\/edu\/antipirataria\/\">Antipirataria<\/a><\/li>\n<\/ul>\n<p>&nbsp;<\/p>\n<p>&nbsp;<\/p>\n<p><span style=\"color: #ffffff;\">.<\/span><\/p>\n<p><span style=\"color: #ffffff;\">.<\/span><\/p>\n","protected":false},"excerpt":{"rendered":"<p>SOBRE N\u00d3S: Atuamos no segmento de EDUCA\u00c7\u00c3O desde 2015. A SalettoEDU possui grande experi\u00eancia nos setores de Engenharia, Planejamento, Gest\u00e3o de Projetos e Estrutura\u00e7\u00e3o de Setores de P&amp;D.\u00a0 Temos participa\u00e7\u00e3o ativa na capacita\u00e7\u00e3o profissional dos clientes, com forte \u00eanfase em projetos e a\u00e7\u00f5es de treinamento&#8230;.<\/p>\n","protected":false},"author":18,"featured_media":0,"parent":16186,"menu_order":0,"comment_status":"closed","ping_status":"closed","template":"","meta":{"footnotes":""},"_links":{"self":[{"href":"https:\/\/saletto.com.br\/edu\/wp-json\/wp\/v2\/pages\/17044"}],"collection":[{"href":"https:\/\/saletto.com.br\/edu\/wp-json\/wp\/v2\/pages"}],"about":[{"href":"https:\/\/saletto.com.br\/edu\/wp-json\/wp\/v2\/types\/page"}],"author":[{"embeddable":true,"href":"https:\/\/saletto.com.br\/edu\/wp-json\/wp\/v2\/users\/18"}],"replies":[{"embeddable":true,"href":"https:\/\/saletto.com.br\/edu\/wp-json\/wp\/v2\/comments?post=17044"}],"version-history":[{"count":0,"href":"https:\/\/saletto.com.br\/edu\/wp-json\/wp\/v2\/pages\/17044\/revisions"}],"up":[{"embeddable":true,"href":"https:\/\/saletto.com.br\/edu\/wp-json\/wp\/v2\/pages\/16186"}],"wp:attachment":[{"href":"https:\/\/saletto.com.br\/edu\/wp-json\/wp\/v2\/media?parent=17044"}],"curies":[{"name":"wp","href":"https:\/\/api.w.org\/{rel}","templated":true}]}}