{"id":17006,"date":"2019-10-29T19:43:02","date_gmt":"2019-10-29T22:43:02","guid":{"rendered":"http:\/\/salettoedu.studiositebh.com.br\/?page_id=17006"},"modified":"2020-11-18T12:48:56","modified_gmt":"2020-11-18T15:48:56","slug":"depoimentos","status":"publish","type":"page","link":"https:\/\/saletto.com.br\/edu\/cursos\/depoimentos\/","title":{"rendered":"Depoimentos"},"content":{"rendered":"<p>[vc_row css_animation=&#8221;&#8221; row_type=&#8221;row&#8221; use_row_as_full_screen_section=&#8221;no&#8221; type=&#8221;full_width&#8221; angled_section=&#8221;no&#8221; text_align=&#8221;left&#8221; background_image_as_pattern=&#8221;without_pattern&#8221; css=&#8221;.vc_custom_1572388705242{margin-bottom: 50px !important;}&#8221;][vc_column][vc_column_text]<\/p>\n<h3>Quem gostou do nosso trabalho sempre\u00a0<strong>comenta<\/strong>, veja s\u00f3:<\/h3>\n<p>[\/vc_column_text][\/vc_column][\/vc_row][vc_row css_animation=&#8221;&#8221; row_type=&#8221;row&#8221; use_row_as_full_screen_section=&#8221;no&#8221; type=&#8221;full_width&#8221; angled_section=&#8221;no&#8221; text_align=&#8221;left&#8221; background_image_as_pattern=&#8221;without_pattern&#8221; css=&#8221;.vc_custom_1572388705242{margin-bottom: 50px !important;}&#8221;][vc_column][vc_text_separator title=&#8221;Curso de Planejamento e Controle da Manuten\u00e7\u00e3o na VALE em S\u00e3o Lu\u00eds\/MA:&#8221; title_align=&#8221;separator_align_left&#8221; border=&#8221;no&#8221; background_color=&#8221;#7b94c8&#8243; title_color=&#8221;#ffffff&#8221;][vc_video link=&#8221;https:\/\/youtu.be\/EV8Y5Cj7JGA&#8221; align=&#8221;center&#8221; css=&#8221;.vc_custom_1572390579410{margin-top: 10px !important;}&#8221;][vc_empty_space height=&#8221;70px&#8221;][vc_text_separator title=&#8221;Power BI e Intelig\u00eancia de Neg\u00f3cios na VALE de S\u00e3o Lu\u00eds\/MA:&#8221; title_align=&#8221;separator_align_left&#8221; border=&#8221;no&#8221; background_color=&#8221;#7b94c8&#8243; title_color=&#8221;#ffffff&#8221;][vc_video link=&#8221;https:\/\/youtu.be\/H-U9b_UEjOg&#8221; align=&#8221;center&#8221; css=&#8221;.vc_custom_1572390611625{margin-top: 10px !important;}&#8221;][vc_empty_space height=&#8221;70px&#8221;][vc_text_separator title=&#8221;Certifica\u00e7\u00e3o CCP com Aldo Matos em Belo Horizonte\/MG:&#8221; title_align=&#8221;separator_align_left&#8221; border=&#8221;no&#8221; background_color=&#8221;#7b94c8&#8243; title_color=&#8221;#ffffff&#8221;][vc_video link=&#8221;https:\/\/youtu.be\/-EM0AV5osiQ&#8221; align=&#8221;center&#8221; css=&#8221;.vc_custom_1572390635531{margin-top: 10px !important;}&#8221;][vc_empty_space height=&#8221;70px&#8221;][\/vc_column][\/vc_row]<\/p>\n","protected":false},"excerpt":{"rendered":"<p>[vc_row css_animation=&#8221;&#8221; row_type=&#8221;row&#8221; use_row_as_full_screen_section=&#8221;no&#8221; type=&#8221;full_width&#8221; angled_section=&#8221;no&#8221; text_align=&#8221;left&#8221; background_image_as_pattern=&#8221;without_pattern&#8221; css=&#8221;.vc_custom_1572388705242{margin-bottom: 50px !important;}&#8221;][vc_column][vc_column_text] Quem gostou do nosso trabalho sempre\u00a0comenta, veja s\u00f3: [\/vc_column_text][\/vc_column][\/vc_row][vc_row css_animation=&#8221;&#8221; row_type=&#8221;row&#8221; use_row_as_full_screen_section=&#8221;no&#8221; type=&#8221;full_width&#8221; angled_section=&#8221;no&#8221; text_align=&#8221;left&#8221; background_image_as_pattern=&#8221;without_pattern&#8221; css=&#8221;.vc_custom_1572388705242{margin-bottom: 50px !important;}&#8221;][vc_column][vc_text_separator title=&#8221;Curso de Planejamento e Controle da Manuten\u00e7\u00e3o na VALE em S\u00e3o Lu\u00eds\/MA:&#8221; title_align=&#8221;separator_align_left&#8221; border=&#8221;no&#8221; background_color=&#8221;#7b94c8&#8243;&#8230;<\/p>\n","protected":false},"author":18,"featured_media":0,"parent":16652,"menu_order":0,"comment_status":"closed","ping_status":"closed","template":"","meta":{"footnotes":""},"_links":{"self":[{"href":"https:\/\/saletto.com.br\/edu\/wp-json\/wp\/v2\/pages\/17006"}],"collection":[{"href":"https:\/\/saletto.com.br\/edu\/wp-json\/wp\/v2\/pages"}],"about":[{"href":"https:\/\/saletto.com.br\/edu\/wp-json\/wp\/v2\/types\/page"}],"author":[{"embeddable":true,"href":"https:\/\/saletto.com.br\/edu\/wp-json\/wp\/v2\/users\/18"}],"replies":[{"embeddable":true,"href":"https:\/\/saletto.com.br\/edu\/wp-json\/wp\/v2\/comments?post=17006"}],"version-history":[{"count":0,"href":"https:\/\/saletto.com.br\/edu\/wp-json\/wp\/v2\/pages\/17006\/revisions"}],"up":[{"embeddable":true,"href":"https:\/\/saletto.com.br\/edu\/wp-json\/wp\/v2\/pages\/16652"}],"wp:attachment":[{"href":"https:\/\/saletto.com.br\/edu\/wp-json\/wp\/v2\/media?parent=17006"}],"curies":[{"name":"wp","href":"https:\/\/api.w.org\/{rel}","templated":true}]}}