{"id":16650,"date":"2019-10-29T11:26:32","date_gmt":"2019-10-29T14:26:32","guid":{"rendered":"http:\/\/salettoedu.studiositebh.com.br\/?page_id=16650"},"modified":"2023-07-15T15:42:16","modified_gmt":"2023-07-15T18:42:16","slug":"in-company","status":"publish","type":"page","link":"https:\/\/saletto.com.br\/edu\/cursos\/in-company\/","title":{"rendered":"IN COMPANY"},"content":{"rendered":"<p><strong>TURMAS IN COMPANY<\/strong><\/p>\r\n<p>Atendemos programas personalizados por meio do treinamento no local da empresa ou turmas fechadas nas nossas instala\u00e7\u00f5es.<\/p>\r\n<p>Voc\u00ea precisa de um or\u00e7amento? <a href=\"https:\/\/saletto.com.br\/edu\/orcamento\/\">Solicite por aqui.<\/a><\/p>\r\n<p>&nbsp;<\/p>\r\n<p><strong>TURMAS ABERTAS<\/strong><\/p>\r\n<p>Sempre estamos com turmas abertas para treinamentos presenciais e \u00e0 dist\u00e2ncia (online).\u00a0Clique aqui para saber a <a href=\"https:\/\/saletto.com.br\/edu\/cursos\/\">agenda atual<\/a>.<\/p>\r\n<p>&nbsp;<\/p>\r\n<p><strong>TECNOLOGIA USADA NOS NOSSOS CURSOS<\/strong><\/p>\r\n<ul>\r\n<li>Templates e Base de Conhecimento: <a href=\"http:\/\/www.pmkb.com.br\">PMKB<\/a><\/li>\r\n<li>Marketplace Oficial: <a href=\"http:\/\/www.sympla.com.br\/saletto\">Sympla<\/a><\/li>\r\n<li>EAD (cursos online): <a href=\"http:\/\/www.sympla.com.br\/saletto\">Sympla Play<\/a><\/li>\r\n<\/ul>\r\n<p>&nbsp;<\/p>\r\n<p><strong>ENSINO PROFISSIONALIZANTE EXECUTIVO &amp; T\u00c9CNICO<\/strong><\/p>\r\n<p>Desenvolvemos treinamentos abertos para a comunidade de Engenharia e Constru\u00e7\u00e3o. Utilizamos uma metodologia moderna capaz de interagir com nosso aluno e aumentar as capacidades de aprendizagem e absor\u00e7\u00e3o de experi\u00eancias.<\/p>\r\n<p>S\u00e3o nossos objetivos neste tipo de\u00a0<strong>Servi\u00e7o<\/strong>:<\/p>\r\n<ul>\r\n<li>Tornar a experi\u00eancia de aprendizagem algo f\u00e1cil e interativo;<\/li>\r\n<li>Capacitar os profissionais por meio da nossa expertise de mais de 15 anos de empresa de\u00a0<a href=\"https:\/\/www.salettoeng.com\/\">Engenharia e Consultoria;<\/a><\/li>\r\n<li>Habilitar uma Rede de Conhecimento colaborativa e cooperativa.<\/li>\r\n<\/ul>\r\n<p>&nbsp;<\/p>\r\n<p>Voc\u00ea precisa de um or\u00e7amento? <a href=\"https:\/\/saletto.com.br\/edu\/orcamento\/\">Solicite por aqui.<\/a><\/p>\r\n<p><strong>CURSOS\/ TREINAMENTOS IN COMPANY<\/strong><\/p>\r\n<p>Estamos no mercado de capacita\u00e7\u00e3o e desenvolvimento de habilidades h\u00e1 mais de 15 anos. Temos experi\u00eancia na realiza\u00e7\u00e3o de treinamentos na \u00e1rea de Engenharia e Constru\u00e7\u00e3o para empresas de diversos portes. Atendemos o escopo solicitado pelo cliente e tamb\u00e9m\u00a0<strong>programas personalizados<\/strong>.<\/p>\r\n<p><a name=\"rotinacursos\"><\/a>Alguns cursos\/treinamentos que habitualmente trabalhamos:<\/p>\r\n<p>CURSOS T\u00c9CNICOS<\/p>\r\n<ul>\r\n<li>MS POWER BI e Self-Service BI com foco em Intelig\u00eancia de Neg\u00f3cios<\/li>\r\n<li>MS Excel Avan\u00e7ado e Aplicado<\/li>\r\n<li><a href=\"https:\/\/saletto.com.br\/edu\/cursos\/\">outros\u2026<\/a><\/li>\r\n<\/ul>\r\n<p>GERENCIAIS<\/p>\r\n<ul>\r\n<li>Projetos de Infraestrutura<\/li>\r\n<li>Administra\u00e7\u00e3o, Fiscaliza\u00e7\u00e3o e Diligenciamento de Obras de Engenharia<\/li>\r\n<li>Fiscaliza\u00e7\u00e3o de Contratos de Terceiriza\u00e7\u00e3o de M\u00e3o de Obra<\/li>\r\n<li>Gest\u00e3o de Contratos e Pleitos em Obras e Servi\u00e7os de Engenharia<\/li>\r\n<li>Procedimentos para Gest\u00e3o de Empreendimentos<\/li>\r\n<li>Gest\u00e3o de Pleitos na Administra\u00e7\u00e3o Contratual de Obras<\/li>\r\n<li>Gest\u00e3o de Custos<\/li>\r\n<li>Gest\u00e3o de Contrato para Projetos de Capital<\/li>\r\n<li>Implanta\u00e7\u00e3o e Gerenciamento de Projetos<\/li>\r\n<li>An\u00e1lise da Produtividade de Contratos<\/li>\r\n<li>Acompanhamento de obras<\/li>\r\n<li>Aprovisionamento de Materiais<\/li>\r\n<li><a href=\"https:\/\/saletto.com.br\/edu\/cursos\/\">outros\u2026<\/a><\/li>\r\n<\/ul>\r\n<p>OPERACIONAIS<\/p>\r\n<ul>\r\n<li>MS Project aplicado ao Planejamento e Controle da Manuten\u00e7\u00e3o (PCM)<\/li>\r\n<li>MS Project B\u00e1sico e Intermedi\u00e1rio, vers\u00f5es 2013\/2016<\/li>\r\n<li>Normas Regulamentadoras: NR10, NR11, NR12, NR15, NR16, NR35 e outras\u2026<\/li>\r\n<li>Como fazer Laudos na Seguran\u00e7a do Trabalho: LTCAT, PPRA, PPP e outros\u2026<\/li>\r\n<li>Opera\u00e7\u00e3o de VANT (ve\u00edculos a\u00e9reos n\u00e3o tripulados) \u2013 DRONES<\/li>\r\n<li>Softwares para Mapeamento e Tratamento de Informa\u00e7\u00f5es via VANT (DRONES)<\/li>\r\n<li>Manuten\u00e7\u00e3o Mec\u00e2nica<\/li>\r\n<li>Manuten\u00e7\u00e3o El\u00e9trica<\/li>\r\n<li>Manuten\u00e7\u00e3o Civil e Predial<\/li>\r\n<li>VANT (drones) para Inspe\u00e7\u00f5es de Equipamentos e Estruturas Prediais<\/li>\r\n<li><a href=\"https:\/\/saletto.com.br\/edu\/cursos\/\">outros\u2026<\/a><\/li>\r\n<\/ul>\r\n<p>&nbsp;<\/p>\r\n<p><strong>Valida\u00e7\u00e3o do Certificado<\/strong><\/p>\r\n<p class=\"_04xlpA direction-ltr align-center para-style-heading3\"><span class=\"WdYUQQ text-decoration-none text-strikethrough-none\">Somente \u00e9 v\u00e1lido com assinatura pelo participante por certificado <\/span><span class=\"WdYUQQ text-decoration-none text-strikethrough-none\">digital, sugerimos <a href=\"https:\/\/www.gov.br\/governodigital\/pt-br\/assinatura-eletronica\" target=\"_blank\" rel=\"noopener\">GOV.BR<\/a>.\u00a0<\/span><\/p>\r\n<p class=\"_04xlpA direction-ltr align-center para-style-heading3\"><span class=\"WdYUQQ text-decoration-none text-strikethrough-none\">P<\/span><span class=\"WdYUQQ text-decoration-none text-strikethrough-none\">ara validar o certificado, caso seja necess\u00e1rio,\u00a0<\/span><span class=\"WdYUQQ text-decoration-none text-strikethrough-none\">envie o nome do participante e nome do curso<\/span><\/p>\r\n<p class=\"_04xlpA direction-ltr align-center para-style-heading3\"><span class=\"WdYUQQ text-decoration-none text-strikethrough-none\">para <a href=\"mailto:hello@saletto.com.br\">hello@salettoEDU<\/a>.com ou solicite atendimento pelo ChatBot <a href=\"https:\/\/wa.me\/+553132670949\">(31) 3267-0949<\/a>.<\/span><\/p>\r\n<p>&nbsp;<\/p>\r\n<p>&nbsp;<\/p>\r\n<p>Voc\u00ea precisa de um or\u00e7amento? <a href=\"https:\/\/saletto.com.br\/edu\/orcamento\/\">Solicite por aqui.<\/a><\/p>\r\n<p>&nbsp;<\/p>","protected":false},"excerpt":{"rendered":"<p>TURMAS IN COMPANY Atendemos programas personalizados por meio do treinamento no local da empresa ou turmas fechadas nas nossas instala\u00e7\u00f5es. Voc\u00ea precisa de um or\u00e7amento? Solicite por aqui. &nbsp; TURMAS ABERTAS Sempre estamos com turmas abertas para treinamentos presenciais e \u00e0 dist\u00e2ncia (online).\u00a0Clique aqui para&#8230;<\/p>\n","protected":false},"author":18,"featured_media":0,"parent":16652,"menu_order":0,"comment_status":"closed","ping_status":"closed","template":"","meta":{"footnotes":""},"_links":{"self":[{"href":"https:\/\/saletto.com.br\/edu\/wp-json\/wp\/v2\/pages\/16650"}],"collection":[{"href":"https:\/\/saletto.com.br\/edu\/wp-json\/wp\/v2\/pages"}],"about":[{"href":"https:\/\/saletto.com.br\/edu\/wp-json\/wp\/v2\/types\/page"}],"author":[{"embeddable":true,"href":"https:\/\/saletto.com.br\/edu\/wp-json\/wp\/v2\/users\/18"}],"replies":[{"embeddable":true,"href":"https:\/\/saletto.com.br\/edu\/wp-json\/wp\/v2\/comments?post=16650"}],"version-history":[{"count":0,"href":"https:\/\/saletto.com.br\/edu\/wp-json\/wp\/v2\/pages\/16650\/revisions"}],"up":[{"embeddable":true,"href":"https:\/\/saletto.com.br\/edu\/wp-json\/wp\/v2\/pages\/16652"}],"wp:attachment":[{"href":"https:\/\/saletto.com.br\/edu\/wp-json\/wp\/v2\/media?parent=16650"}],"curies":[{"name":"wp","href":"https:\/\/api.w.org\/{rel}","templated":true}]}}