{"id":16634,"date":"2019-10-25T14:19:44","date_gmt":"2019-10-25T17:19:44","guid":{"rendered":"http:\/\/salettoedu.studiositebh.com.br\/?page_id=16634"},"modified":"2020-11-18T12:52:10","modified_gmt":"2020-11-18T15:52:10","slug":"servicos","status":"publish","type":"page","link":"https:\/\/saletto.com.br\/edu\/home-7\/quem-somos\/servicos\/","title":{"rendered":"Servi\u00e7os"},"content":{"rendered":"<p>A SalettoEDU promove a\u00e7\u00f5es de treinamento com foco nos projetos de Engenharia &amp; Constru\u00e7\u00e3o. Desde 2015 temos estruturado <a href=\"https:\/\/saletto.com.br\/edu\/quem-somos\/\">nosso neg\u00f3cio<\/a> com base em Conhecimento e Experi\u00eancia, como fontes prim\u00e1rias para a gera\u00e7\u00e3o de Engenhosidade.<\/p>\n<p>&nbsp;<\/p>\n<p><strong>Algumas formas de Capacita\u00e7\u00e3o:<\/strong><\/p>\n<p><em><a href=\"https:\/\/saletto.com.br\/edu\/cursos\/\">Turmas abertas<\/a>:<\/em> Realizamos periodicamente treinamentos com turmas abertas \u00e0 comunidade, por meios pr\u00f3prios ou com apoio de nossos parceiros educacionais.<\/p>\n<p><em><a href=\"https:\/\/saletto.com.br\/edu\/cursos\/in-company\/\">Turmas in company<\/a>:<\/em> s\u00e3o outra modalidade de treinamento que apresentamos e que tem trazido grandes resultados para o aperfei\u00e7oamento dos profissionais envolvidos.<\/p>\n<p>&nbsp;<\/p>\n<p>CAT\u00c1LOGO DE CURSOS\/ A\u00c7\u00d5ES DE TREINAMENTO: <a href=\"https:\/\/saletto.com.br\/edu\/cursos\/\">consulte aqui<\/a> e avalie qual \u00e9 sua necessidade.<\/p>\n<p>&nbsp;<\/p>\n<p><strong>WORKSHOPS\/ DIN\u00c2MICAS<\/strong><\/p>\n<ul>\n<li><em>Projetto:<\/em> com foco em treinar o Planejamento, Monitoramento e Controle de projetos, clique aqui.<\/li>\n<li><em>Qualitta:<\/em> desenvolve habilidades como gest\u00e3o da Qualidade, Integra\u00e7\u00e3o, Trabalho em Equipe e Auto-gest\u00e3o, clique aqui.<\/li>\n<li><em>Settori:<\/em> um canvas estruturado para Engenharia &amp; Constru\u00e7\u00e3o, clique aqui.<\/li>\n<li>Sob demanda: criamos para sua empresa, <a href=\"https:\/\/saletto.com.br\/edu\/orcamento\/\">consulte-nos<\/a>.<\/li>\n<\/ul>\n<p>&nbsp;<\/p>\n<p><strong>PALESTRAS, SEMIN\u00c1RIOS, APRESENTA\u00c7\u00d5ES<\/strong><\/p>\n<ul>\n<li>Realizamos para empresas e nossos parceiros educacionais diversas modalidades de a\u00e7\u00f5es de capacita\u00e7\u00e3o, treinamento ou engajamento. Fa\u00e7a-nos um contato, <a href=\"https:\/\/saletto.com.br\/edu\/orcamento\/\">consulte-nos<\/a>.<\/li>\n<\/ul>\n<p>&nbsp;<\/p>\n<p><span style=\"color: #ffffff;\">.<\/span><\/p>\n","protected":false},"excerpt":{"rendered":"<p>A SalettoEDU promove a\u00e7\u00f5es de treinamento com foco nos projetos de Engenharia &amp; Constru\u00e7\u00e3o. Desde 2015 temos estruturado nosso neg\u00f3cio com base em Conhecimento e Experi\u00eancia, como fontes prim\u00e1rias para a gera\u00e7\u00e3o de Engenhosidade. &nbsp; Algumas formas de Capacita\u00e7\u00e3o: Turmas abertas: Realizamos periodicamente treinamentos com&#8230;<\/p>\n","protected":false},"author":18,"featured_media":0,"parent":17044,"menu_order":0,"comment_status":"closed","ping_status":"closed","template":"","meta":{"footnotes":""},"_links":{"self":[{"href":"https:\/\/saletto.com.br\/edu\/wp-json\/wp\/v2\/pages\/16634"}],"collection":[{"href":"https:\/\/saletto.com.br\/edu\/wp-json\/wp\/v2\/pages"}],"about":[{"href":"https:\/\/saletto.com.br\/edu\/wp-json\/wp\/v2\/types\/page"}],"author":[{"embeddable":true,"href":"https:\/\/saletto.com.br\/edu\/wp-json\/wp\/v2\/users\/18"}],"replies":[{"embeddable":true,"href":"https:\/\/saletto.com.br\/edu\/wp-json\/wp\/v2\/comments?post=16634"}],"version-history":[{"count":0,"href":"https:\/\/saletto.com.br\/edu\/wp-json\/wp\/v2\/pages\/16634\/revisions"}],"up":[{"embeddable":true,"href":"https:\/\/saletto.com.br\/edu\/wp-json\/wp\/v2\/pages\/17044"}],"wp:attachment":[{"href":"https:\/\/saletto.com.br\/edu\/wp-json\/wp\/v2\/media?parent=16634"}],"curies":[{"name":"wp","href":"https:\/\/api.w.org\/{rel}","templated":true}]}}